{"id":60,"date":"2016-06-24T16:33:02","date_gmt":"2016-06-24T19:33:02","guid":{"rendered":"http:\/\/ateneodemontevideo.uy\/site\/?page_id=60"},"modified":"2024-11-22T14:43:08","modified_gmt":"2024-11-22T17:43:08","slug":"cursos","status":"publish","type":"page","link":"http:\/\/ateneodemontevideo.uy\/site\/?page_id=60","title":{"rendered":"Cursos"},"content":{"rendered":"<p><strong>Certificado de Gesti\u00f3n Cultural<\/strong><\/p>\n<p><img loading=\"lazy\" decoding=\"async\" class=\"alignnone  wp-image-434\" src=\"http:\/\/ateneodemontevideo.uy\/site\/wp-content\/uploads\/2024\/11\/GestionCultural.png\" alt=\"\" width=\"500\" height=\"351\" srcset=\"http:\/\/ateneodemontevideo.uy\/site\/wp-content\/uploads\/2024\/11\/GestionCultural.png 556w, http:\/\/ateneodemontevideo.uy\/site\/wp-content\/uploads\/2024\/11\/GestionCultural-300x210.png 300w, http:\/\/ateneodemontevideo.uy\/site\/wp-content\/uploads\/2024\/11\/GestionCultural-334x233.png 334w, http:\/\/ateneodemontevideo.uy\/site\/wp-content\/uploads\/2024\/11\/GestionCultural-314x220.png 314w\" sizes=\"(max-width: 500px) 100vw, 500px\" \/><\/p>\n<p>El objetivo es desarrollar proyectos culturales, formando al alumno en administraci\u00f3n, direcci\u00f3n y gesti\u00f3n de actividades, bienes, servicios culturales y patrimoniales.<\/p>\n<p>Declarado de inter\u00e9s municipal por la Intendencia Municipal de Montevideo (Res. 365\/05 del 24\/1\/2005).<\/p>\n<p>Inicio: marzo<br \/>Horario: Jueves y Viernes de 18:00 a 21:00hs.<br \/>Matricula: $ 500<br \/>Cuota mensual: $2500<\/p>\n<p>TEMAS<br \/>Cultura y patrimonio. Estructura y Organizaci\u00f3n cultural (aspectos jur\u00eddicos). Planificaci\u00f3n estrat\u00e9gica y desarrollo de proyectos. Comunicaciones, Marketing y\u00a0Relaciones P\u00fablicas, Contabilidad, Finanzas y Fondos. Historia de la Cultura en el R\u00edo de la Plata. Las artes esc\u00e9nicas y visuales. Ciencias, tecnolog\u00eda y desarrollo\u00a0socio cultural.<\/p>\n<p>Profesor: Leonardo Garc\u00eda<\/p>\n<p><strong style=\"font-size: inherit;\">Curso de Historia reciente del Uruguay<\/strong><\/p>\n<p><img loading=\"lazy\" decoding=\"async\" class=\"\" src=\"https:\/\/asxubiasoscastrosagaiteira.files.wordpress.com\/2018\/03\/1-foto-casablanca-castros-3-ac3b1os-60-4-playa-de-lazareto-o-puntal-5-6-revista-fiestas-os-castros-2003-mario-novoa.jpg?w=1000&amp;h=642\" width=\"500\" height=\"321\" \/><\/p>\n<p>Inicio: Marzo<br \/>Horario: Lunes de 18:00hs a 20:15hs<br \/>Matr\u00edcula: $ 500<br \/>Cuota mensual: $ 1700<\/p>\n<p>Profesor: Santiago Tric\u00e1nico.<\/p>\n<p><strong>Formaci\u00f3n Audiovisual &#8211; Taller de Cine<\/strong><\/p>\n<p><img loading=\"lazy\" decoding=\"async\" class=\"alignnone size-full wp-image-383\" src=\"http:\/\/ateneodemontevideo.uy\/site\/wp-content\/uploads\/2021\/10\/TallerDeCine.jpg\" alt=\"\" width=\"501\" height=\"333\" srcset=\"http:\/\/ateneodemontevideo.uy\/site\/wp-content\/uploads\/2021\/10\/TallerDeCine.jpg 501w, http:\/\/ateneodemontevideo.uy\/site\/wp-content\/uploads\/2021\/10\/TallerDeCine-300x199.jpg 300w, http:\/\/ateneodemontevideo.uy\/site\/wp-content\/uploads\/2021\/10\/TallerDeCine-331x220.jpg 331w\" sizes=\"(max-width: 501px) 100vw, 501px\" \/><\/p>\n<p>Inicio: Marzo<br \/>Horario: Jueves o Viernes de 19 a 21 horas. Duraci\u00f3n 5 meses.<br \/>Matr\u00edcula: $ 500<br \/>Cuota mensual: $ 2500<\/p>\n<p>Director: Gabriel D\u00edaz<\/p>\n<p><strong>Etiqueta y Protocolo<\/strong><\/p>\n<p><img loading=\"lazy\" decoding=\"async\" class=\"alignnone  wp-image-436\" src=\"http:\/\/ateneodemontevideo.uy\/site\/wp-content\/uploads\/2024\/11\/PROTOCOLO.jpg\" alt=\"\" width=\"499\" height=\"310\" srcset=\"http:\/\/ateneodemontevideo.uy\/site\/wp-content\/uploads\/2024\/11\/PROTOCOLO.jpg 976w, http:\/\/ateneodemontevideo.uy\/site\/wp-content\/uploads\/2024\/11\/PROTOCOLO-300x186.jpg 300w, http:\/\/ateneodemontevideo.uy\/site\/wp-content\/uploads\/2024\/11\/PROTOCOLO-768x476.jpg 768w, http:\/\/ateneodemontevideo.uy\/site\/wp-content\/uploads\/2024\/11\/PROTOCOLO-355x220.jpg 355w\" sizes=\"(max-width: 499px) 100vw, 499px\" \/><br \/><!--more--><\/p>\n<p>Inicio: marzo<br \/>Horario: jueves de 19:00hs a 20:00hs<br \/>Matr\u00edcula: $ 500<br \/>Costo del curso: $ 2000.<\/p>\n<p>Profesora: Nora Porro San Mart\u00edn.<\/p>\n<p>TEMAS<br \/>Introducci\u00f3n. Relaciones Sociales y Profesionales. Las Entrevistas.\u00a0La Presentaci\u00f3n. La \u00a0Conversaci\u00f3n y el Di\u00e1logo. La Conversaci\u00f3n Telef\u00f3nica. En el Restaurante. En el Mundo del Trabajo y los Negocios. El Arte de la Mesa. Ceremonial\u00a0P\u00fablico y de Estado. Precedencias. Invitaciones.<\/p>\n<p><strong>Relaciones P\u00fablicas<\/strong><\/p>\n<p><img loading=\"lazy\" decoding=\"async\" class=\"alignnone wp-image-397\" src=\"http:\/\/ateneodemontevideo.uy\/site\/wp-content\/uploads\/2022\/02\/Relaciones-publicas.png\" alt=\"\" width=\"530\" height=\"492\" srcset=\"http:\/\/ateneodemontevideo.uy\/site\/wp-content\/uploads\/2022\/02\/Relaciones-publicas.png 408w, http:\/\/ateneodemontevideo.uy\/site\/wp-content\/uploads\/2022\/02\/Relaciones-publicas-300x279.png 300w, http:\/\/ateneodemontevideo.uy\/site\/wp-content\/uploads\/2022\/02\/Relaciones-publicas-237x220.png 237w\" sizes=\"(max-width: 530px) 100vw, 530px\" \/><\/p>\n<p>Horario: Jueves de 20:00hs a 21:00hs<br \/>Matr\u00edcula: $ 500<br \/>Costo del curso: $ 2000.<\/p>\n<p>Profesora: Nora Porro San Mart\u00edn.<\/p>\n<p>TEMAS<br \/>Importancia de la Comunicaci\u00f3n, pautas de mejoramiento de las comunicaciones personales, que son las RR.PP, diferencias con otras disciplinas, definici\u00f3n de p\u00fablicos,\u00a0planificaci\u00f3n, tipos de acci\u00f3n, relaciones con la prensa, eventos, RSE, \u00e9tica.<\/p>\n<p><strong>Talleres de Dibujo y Pintura<\/strong><\/p>\n<p><img loading=\"lazy\" decoding=\"async\" class=\"alignnone wp-image-178\" src=\"http:\/\/ateneodemontevideo.uy\/site\/wp-content\/uploads\/2016\/06\/13764105910993-0-680x276.png\" alt=\"\" width=\"525\" height=\"213\" srcset=\"http:\/\/ateneodemontevideo.uy\/site\/wp-content\/uploads\/2016\/06\/13764105910993-0-680x276.png 680w, http:\/\/ateneodemontevideo.uy\/site\/wp-content\/uploads\/2016\/06\/13764105910993-0-680x276-300x122.png 300w, http:\/\/ateneodemontevideo.uy\/site\/wp-content\/uploads\/2016\/06\/13764105910993-0-680x276-542x220.png 542w\" sizes=\"(max-width: 525px) 100vw, 525px\" \/><\/p>\n<p>Matr\u00edcula: $ 500<br \/>Horarios y cuota:<\/p>\n<p>\u00a0 \u00a0 \u00a0 \u00a0Mi\u00e9rcoles de 14:00hs a 18:30hs\u00a0 \u00a0Prof. \u00c1ngel Caballero\u00a0 \u00a0 Cuota mensual: $ 2300<br \/>\u00a0 \u00a0 \u00a0 \u00a0Jueves de 16:00hs a 20:30hs\u00a0 \u00a0Prof. C\u00e9sar Ureta\u00a0 \u00a0 Cuota mensual: $ 2300<br \/>\u00a0 \u00a0 \u00a0 \u00a0Viernes de 17:00hs a 20:30hs\u00a0 \u00a0Prof. David Castellucci\u00a0 \u00a0 Cuota mensual: $ 2400<\/p>\n<p>TEMAS: Inicio te\u00f3rico y pr\u00e1ctico del dibujo mediante copias progresivas de l\u00e1minas. Intercalado con trabajos de libre expresi\u00f3n. Introducci\u00f3n al color en forma pr\u00e1ctica\u00a0y te\u00f3rica. Intercalado con trabajos de libre expresi\u00f3n.<\/p>\n<p><strong>Historia del Arte<\/strong><\/p>\n<p><img loading=\"lazy\" decoding=\"async\" class=\"alignnone  wp-image-441\" src=\"http:\/\/ateneodemontevideo.uy\/site\/wp-content\/uploads\/2024\/11\/HistoriaDelArte-1024x718.jpg\" alt=\"\" width=\"521\" height=\"365\" srcset=\"http:\/\/ateneodemontevideo.uy\/site\/wp-content\/uploads\/2024\/11\/HistoriaDelArte-1024x718.jpg 1024w, http:\/\/ateneodemontevideo.uy\/site\/wp-content\/uploads\/2024\/11\/HistoriaDelArte-300x210.jpg 300w, http:\/\/ateneodemontevideo.uy\/site\/wp-content\/uploads\/2024\/11\/HistoriaDelArte-768x539.jpg 768w, http:\/\/ateneodemontevideo.uy\/site\/wp-content\/uploads\/2024\/11\/HistoriaDelArte-334x233.jpg 334w, http:\/\/ateneodemontevideo.uy\/site\/wp-content\/uploads\/2024\/11\/HistoriaDelArte-314x220.jpg 314w, http:\/\/ateneodemontevideo.uy\/site\/wp-content\/uploads\/2024\/11\/HistoriaDelArte.jpg 1260w\" sizes=\"(max-width: 521px) 100vw, 521px\" \/><\/p>\n<p>Inicio: Inicia en marzo.<br \/>Horario: Martes de 19.00 a 20.30.<br \/>Matricula: $ 500<br \/>Cuota mensual: $ 1500.<\/p>\n<p>Profesor: Carlos Mar\u00eda Brunetto.<\/p>\n<p>TEMAS:<br \/>Introducci\u00f3n. Arte Rupestre. Cercano Oriente. Mesopot\u00e1mica y Persia. El Mundo Egeo. Los Fenicios. El Arte Griego. El Arte Helen\u00edstico. Las Maravillas del Mundo Antiguo. La Civilizaci\u00f3n Romana. Bizancio. La Civilizaci\u00f3n Isl\u00e1mica. Arte Medieval. El Renacimiento. La Pintura Cl\u00e1sica. Clasicismo y Romanticismo. El Realismo. El Impresionismo. Puntillismo. El Arte Actual. Neoplasticismo. La Arquitectura Funcional.<\/p>\n<p>Ingresos todo el a\u00f1o<\/p>\n<p><strong>Taller de creaci\u00f3n literaria<\/strong><\/p>\n<p><img loading=\"lazy\" decoding=\"async\" class=\"\" src=\"https:\/\/ichef.bbci.co.uk\/news\/640\/cpsprodpb\/62DB\/production\/_103970352_gettyimages-175489635.jpg\" alt=\"Palabra it\u00e1lica\" width=\"510\" height=\"287\" \/><\/p>\n<p>Inicio: Marzo<br \/>Horario: Martes de 16hs a 17:30hs<br \/>Matr\u00edcula: $ 500<br \/>Cuota mensual: $ 1500<\/p>\n<p>Profesor: Nelson Guerra.<\/p>\n<p><strong>Franc\u00e9s<\/strong><\/p>\n<p><img loading=\"lazy\" decoding=\"async\" class=\"alignnone size-full wp-image-444\" src=\"http:\/\/ateneodemontevideo.uy\/site\/wp-content\/uploads\/2024\/11\/frances2.jpg\" alt=\"\" width=\"353\" height=\"322\" srcset=\"http:\/\/ateneodemontevideo.uy\/site\/wp-content\/uploads\/2024\/11\/frances2.jpg 353w, http:\/\/ateneodemontevideo.uy\/site\/wp-content\/uploads\/2024\/11\/frances2-300x274.jpg 300w, http:\/\/ateneodemontevideo.uy\/site\/wp-content\/uploads\/2024\/11\/frances2-241x220.jpg 241w\" sizes=\"(max-width: 353px) 100vw, 353px\" \/><\/p>\n<p><em>Inicial<\/em><br \/>Horario: Mi\u00e9rcoles de 15hs a 17hs. Cuota mensual: $3000<\/p>\n<p><em>Grupo Avanzado<\/em><br \/>Horario: Viernes 15hs a 17hs. Cuota mensual: 3000<\/p>\n<p>Profesor: Diplom\u00e1tico Javier Volont\u00e9.<\/p>\n<p><strong>EXCEL Expert<\/strong><\/p>\n<p><img loading=\"lazy\" decoding=\"async\" class=\"alignnone  wp-image-445\" src=\"http:\/\/ateneodemontevideo.uy\/site\/wp-content\/uploads\/2024\/11\/Excel.jpg\" alt=\"\" width=\"508\" height=\"286\" srcset=\"http:\/\/ateneodemontevideo.uy\/site\/wp-content\/uploads\/2024\/11\/Excel.jpg 1000w, http:\/\/ateneodemontevideo.uy\/site\/wp-content\/uploads\/2024\/11\/Excel-300x169.jpg 300w, http:\/\/ateneodemontevideo.uy\/site\/wp-content\/uploads\/2024\/11\/Excel-768x432.jpg 768w, http:\/\/ateneodemontevideo.uy\/site\/wp-content\/uploads\/2024\/11\/Excel-391x220.jpg 391w\" sizes=\"(max-width: 508px) 100vw, 508px\" \/><\/p>\n<p>Inicio: marzo.<br \/>Horario: Lunes de 18.30 a 20.30.<br \/>Matricula: $ 500<br \/>Cuota mensual: $ 3100.<\/p>\n<p>Profesor: Linkedin.com\/in\/javier-baz\/<\/p>\n<p><strong>Analista en Marketing Digital<\/strong><\/p>\n<div id=\"attachment_446\" style=\"width: 515px\" class=\"wp-caption alignnone\"><img loading=\"lazy\" decoding=\"async\" aria-describedby=\"caption-attachment-446\" class=\" wp-image-446\" src=\"http:\/\/ateneodemontevideo.uy\/site\/wp-content\/uploads\/2024\/11\/marketing-1024x683.jpg\" alt=\"\" width=\"505\" height=\"337\" srcset=\"http:\/\/ateneodemontevideo.uy\/site\/wp-content\/uploads\/2024\/11\/marketing-1024x683.jpg 1024w, http:\/\/ateneodemontevideo.uy\/site\/wp-content\/uploads\/2024\/11\/marketing-300x200.jpg 300w, http:\/\/ateneodemontevideo.uy\/site\/wp-content\/uploads\/2024\/11\/marketing-768x512.jpg 768w, http:\/\/ateneodemontevideo.uy\/site\/wp-content\/uploads\/2024\/11\/marketing-1536x1024.jpg 1536w, http:\/\/ateneodemontevideo.uy\/site\/wp-content\/uploads\/2024\/11\/marketing-2048x1365.jpg 2048w, http:\/\/ateneodemontevideo.uy\/site\/wp-content\/uploads\/2024\/11\/marketing-330x220.jpg 330w, http:\/\/ateneodemontevideo.uy\/site\/wp-content\/uploads\/2024\/11\/marketing-120x80.jpg 120w\" sizes=\"(max-width: 505px) 100vw, 505px\" \/><p id=\"caption-attachment-446\" class=\"wp-caption-text\"><span style=\"font-size: revert; color: initial;\">Inicio: marzo.<\/span><\/p><\/div>\n<p>Horario: Lunes de 16.00hs a 18.00hs<br \/>Matricula: $ 500<br \/>Cuota mensual: $ 3400.<\/p>\n<p>Profesor: Linkedin.com\/in\/javier-baz\/<\/p>\n<p><strong>Secretaria de Prensa Comunicaci\u00f3n\u00a0 &#8211; Periodismo<\/strong><\/p>\n<p><img loading=\"lazy\" decoding=\"async\" class=\"alignnone  wp-image-448\" src=\"http:\/\/ateneodemontevideo.uy\/site\/wp-content\/uploads\/2024\/11\/periodismo-medios-comunicacion-radio-2-1024x576.jpg\" alt=\"\" width=\"510\" height=\"287\" srcset=\"http:\/\/ateneodemontevideo.uy\/site\/wp-content\/uploads\/2024\/11\/periodismo-medios-comunicacion-radio-2-1024x576.jpg 1024w, http:\/\/ateneodemontevideo.uy\/site\/wp-content\/uploads\/2024\/11\/periodismo-medios-comunicacion-radio-2-300x169.jpg 300w, http:\/\/ateneodemontevideo.uy\/site\/wp-content\/uploads\/2024\/11\/periodismo-medios-comunicacion-radio-2-768x432.jpg 768w, http:\/\/ateneodemontevideo.uy\/site\/wp-content\/uploads\/2024\/11\/periodismo-medios-comunicacion-radio-2-391x220.jpg 391w, http:\/\/ateneodemontevideo.uy\/site\/wp-content\/uploads\/2024\/11\/periodismo-medios-comunicacion-radio-2.jpg 1058w\" sizes=\"(max-width: 510px) 100vw, 510px\" \/><\/p>\n<p>Horario: Mi\u00e9rcoles de 19.00hs a 20.30hs<br \/>Matricula: $ 500<br \/>Cuota mensual: $ 2500.<\/p>\n<p>Profesor: Orlando Aldama<\/p>\n<p><strong>Teatro &#8211; Constructor del actor en Arte Esc\u00e9nico<\/strong><\/p>\n<p><img loading=\"lazy\" decoding=\"async\" class=\"alignnone  wp-image-449\" src=\"http:\/\/ateneodemontevideo.uy\/site\/wp-content\/uploads\/2024\/11\/representacin-teatral.jpg\" alt=\"\" width=\"512\" height=\"340\" srcset=\"http:\/\/ateneodemontevideo.uy\/site\/wp-content\/uploads\/2024\/11\/representacin-teatral.jpg 620w, http:\/\/ateneodemontevideo.uy\/site\/wp-content\/uploads\/2024\/11\/representacin-teatral-300x199.jpg 300w, http:\/\/ateneodemontevideo.uy\/site\/wp-content\/uploads\/2024\/11\/representacin-teatral-331x220.jpg 331w, http:\/\/ateneodemontevideo.uy\/site\/wp-content\/uploads\/2024\/11\/representacin-teatral-120x80.jpg 120w\" sizes=\"(max-width: 512px) 100vw, 512px\" \/><\/p>\n<p>Matricula: $ 500<br \/>Cuota mensual: $ 2200.<\/p>\n<p>Profesora: Mar\u00eda Jos\u00e9 Pedraja<\/p>\n<p><strong>Fotograf\u00eda<\/strong><\/p>\n<p><img loading=\"lazy\" decoding=\"async\" class=\" wp-image-450\" src=\"http:\/\/ateneodemontevideo.uy\/site\/wp-content\/uploads\/2024\/11\/fotografia-profesional-2.jpg\" alt=\"\" width=\"510\" height=\"339\" srcset=\"http:\/\/ateneodemontevideo.uy\/site\/wp-content\/uploads\/2024\/11\/fotografia-profesional-2.jpg 700w, http:\/\/ateneodemontevideo.uy\/site\/wp-content\/uploads\/2024\/11\/fotografia-profesional-2-300x200.jpg 300w, http:\/\/ateneodemontevideo.uy\/site\/wp-content\/uploads\/2024\/11\/fotografia-profesional-2-330x220.jpg 330w, http:\/\/ateneodemontevideo.uy\/site\/wp-content\/uploads\/2024\/11\/fotografia-profesional-2-120x80.jpg 120w\" sizes=\"(max-width: 510px) 100vw, 510px\" \/><\/p>\n<p>Horario: Martes o Jueves de 18.30hs a 20.30hs<br \/>Matricula: $ 500<br \/>Cuota mensual: $ 2500.<\/p>\n<p>Profesor: M. Yisel Espinosa<\/p>\n<p>TEMAS:<br \/>1.- Introducci\u00f3n a la fotograf\u00eda. 2.- Fotograf\u00eda de calle. 3.- Fotograf\u00eda de arquitectura y urbana. 4.- Sobre el cuerpo. 5.- Autorretrato. 6.- Fotograf\u00eda documental y de autor\/a.0<\/p>\n<p>Duraci\u00f3n 4 meses<\/p>\n<p>\u00a0<\/p>\n<p><strong>Seminario Taller \u00abLas Llaves\u00bb<br \/><\/strong><\/p>\n<p><img loading=\"lazy\" decoding=\"async\" class=\"alignnone  wp-image-453\" src=\"http:\/\/ateneodemontevideo.uy\/site\/wp-content\/uploads\/2024\/11\/Tipos-de-llaves-antiguas-770x430-1.png\" alt=\"\" width=\"508\" height=\"284\" srcset=\"http:\/\/ateneodemontevideo.uy\/site\/wp-content\/uploads\/2024\/11\/Tipos-de-llaves-antiguas-770x430-1.png 770w, http:\/\/ateneodemontevideo.uy\/site\/wp-content\/uploads\/2024\/11\/Tipos-de-llaves-antiguas-770x430-1-300x168.png 300w, http:\/\/ateneodemontevideo.uy\/site\/wp-content\/uploads\/2024\/11\/Tipos-de-llaves-antiguas-770x430-1-768x429.png 768w, http:\/\/ateneodemontevideo.uy\/site\/wp-content\/uploads\/2024\/11\/Tipos-de-llaves-antiguas-770x430-1-394x220.png 394w\" sizes=\"(max-width: 508px) 100vw, 508px\" \/><\/p>\n<p>Horario: Lunes de 17.00hs a 18.30hs<br \/>Matricula: $ 500<br \/>Cuota mensual: $ 1500.<\/p>\n<p>Profesora: Malva Bengua<\/p>\n<p>Propuesta:<br \/>Abordar el estudio a elecci\u00f3n de un autor. Los participantes comunicar\u00e1n su visi\u00f3n y conocimiento a trav\u00e9s de diferentes herramientas.<\/p>\n<p>\u00a0<\/p>\n<p><strong>Clases de YOGA<br \/><\/strong><\/p>\n<p><img loading=\"lazy\" decoding=\"async\" class=\"alignnone  wp-image-455\" src=\"http:\/\/ateneodemontevideo.uy\/site\/wp-content\/uploads\/2024\/11\/Shwet-Yoga-Classes-Courses-in-Thane-5-1-1.jpg\" alt=\"\" width=\"505\" height=\"309\" srcset=\"http:\/\/ateneodemontevideo.uy\/site\/wp-content\/uploads\/2024\/11\/Shwet-Yoga-Classes-Courses-in-Thane-5-1-1.jpg 640w, http:\/\/ateneodemontevideo.uy\/site\/wp-content\/uploads\/2024\/11\/Shwet-Yoga-Classes-Courses-in-Thane-5-1-1-300x184.jpg 300w, http:\/\/ateneodemontevideo.uy\/site\/wp-content\/uploads\/2024\/11\/Shwet-Yoga-Classes-Courses-in-Thane-5-1-1-359x220.jpg 359w\" sizes=\"(max-width: 505px) 100vw, 505px\" \/><\/p>\n<p>Horario: Lunes de 18.50hs a 19.55hs<br \/>Matricula: $ 500<br \/>Cuota mensual: $ 1800.<\/p>\n<p>Profesor: Andr\u00e9s Marenco Clavell (Escuela de Natha Yoga)<\/p>\n<p>Conexi\u00f3n con el ser interior, elongaci\u00f3n, flexibilidad tonificaci\u00f3n, bienestar emocional, armonizaci\u00f3n de chakras.<\/p>\n<p>\u00a0<\/p>\n<p><strong>Presencia Nazi en el r\u00edo de la plata 1933-1960<br \/><\/strong><\/p>\n<p><img loading=\"lazy\" decoding=\"async\" class=\"alignnone  wp-image-457\" src=\"http:\/\/ateneodemontevideo.uy\/site\/wp-content\/uploads\/2024\/11\/Nazis-copy-1024x736.jpg\" alt=\"\" width=\"509\" height=\"366\" srcset=\"http:\/\/ateneodemontevideo.uy\/site\/wp-content\/uploads\/2024\/11\/Nazis-copy-1024x736.jpg 1024w, http:\/\/ateneodemontevideo.uy\/site\/wp-content\/uploads\/2024\/11\/Nazis-copy-300x216.jpg 300w, http:\/\/ateneodemontevideo.uy\/site\/wp-content\/uploads\/2024\/11\/Nazis-copy-768x552.jpg 768w, http:\/\/ateneodemontevideo.uy\/site\/wp-content\/uploads\/2024\/11\/Nazis-copy-306x220.jpg 306w, http:\/\/ateneodemontevideo.uy\/site\/wp-content\/uploads\/2024\/11\/Nazis-copy.jpg 1200w\" sizes=\"(max-width: 509px) 100vw, 509px\" \/><\/p>\n<p>Comienzo: Marzo<br \/>Horario: Martes de 18.00hs a 20.15hs<br \/>Matricula: $ 500<br \/>Cuota mensual: $ 1700.<\/p>\n<p>Profesor: Santiago Tric\u00e1nico<\/p>\n<p>Duraci\u00f3n 6 meses<\/p>\n<p>\u00a0<\/p>\n<p>El Ateneo de Montevideo se reserva el derecho de admisi\u00f3n<\/p>\n\n\n<p><\/p>\n","protected":false},"excerpt":{"rendered":"<p>Certificado de Gesti\u00f3n Cultural El objetivo es desarrollar proyectos culturales, formando al alumno en administraci\u00f3n, direcci\u00f3n y gesti\u00f3n de actividades, bienes, servicios culturales y patrimoniales. Declarado de inter\u00e9s municipal por la Intendencia Municipal de Montevideo (Res. 365\/05 del 24\/1\/2005). Inicio: marzoHorario: Jueves y Viernes de 18:00 a 21:00hs.Matricula: $ 500Cuota mensual: $2500 TEMASCultura y patrimonio. [&hellip;]<\/p>\n","protected":false},"author":2,"featured_media":0,"parent":0,"menu_order":0,"comment_status":"closed","ping_status":"closed","template":"","meta":{"footnotes":""},"class_list":["post-60","page","type-page","status-publish","hentry"],"_links":{"self":[{"href":"http:\/\/ateneodemontevideo.uy\/site\/index.php?rest_route=\/wp\/v2\/pages\/60"}],"collection":[{"href":"http:\/\/ateneodemontevideo.uy\/site\/index.php?rest_route=\/wp\/v2\/pages"}],"about":[{"href":"http:\/\/ateneodemontevideo.uy\/site\/index.php?rest_route=\/wp\/v2\/types\/page"}],"author":[{"embeddable":true,"href":"http:\/\/ateneodemontevideo.uy\/site\/index.php?rest_route=\/wp\/v2\/users\/2"}],"replies":[{"embeddable":true,"href":"http:\/\/ateneodemontevideo.uy\/site\/index.php?rest_route=%2Fwp%2Fv2%2Fcomments&post=60"}],"version-history":[{"count":38,"href":"http:\/\/ateneodemontevideo.uy\/site\/index.php?rest_route=\/wp\/v2\/pages\/60\/revisions"}],"predecessor-version":[{"id":458,"href":"http:\/\/ateneodemontevideo.uy\/site\/index.php?rest_route=\/wp\/v2\/pages\/60\/revisions\/458"}],"wp:attachment":[{"href":"http:\/\/ateneodemontevideo.uy\/site\/index.php?rest_route=%2Fwp%2Fv2%2Fmedia&parent=60"}],"curies":[{"name":"wp","href":"https:\/\/api.w.org\/{rel}","templated":true}]}}