{"id":2,"date":"2016-06-16T16:11:11","date_gmt":"2016-06-16T16:11:11","guid":{"rendered":"http:\/\/ateneodemontevideo.uy\/site\/?page_id=2"},"modified":"2019-11-04T20:23:16","modified_gmt":"2019-11-04T23:23:16","slug":"sample-page","status":"publish","type":"page","link":"http:\/\/ateneodemontevideo.uy\/site\/?page_id=2","title":{"rendered":"Programa"},"content":{"rendered":"<h5>Mes de Noviembre<\/h5>\n<p>LUNES 04 &#8211; Exposici\u00f3n Colectiva de APEU, finaliza el 15 de noviembre. Galer\u00eda del Ateneo. Entrada libre y gratuita.<\/p>\n<p>LUNES 04 &#8211; AEDI: Presentaci\u00f3n del libro \u201cNene Malo\u201d del Escritor Nelson Guerra. Sello Editorial AEDI-Uruguay. Entrada Libre y gratuita. Hora 19.00. Sala A. Rusconi.<\/p>\n<p>MI\u00c9RCOLES 06 &#8211; ERATO: La Escritora y Gestora Cultural M\u00f3nica Kemper presentar\u00e1 su libro filos\u00f3fico \u201cLos Sembradores\u201d, Mabel Romero comenta. Momento Musical. Sala Laura Cortinas, hora 18.00, entrada libre y gratuita.<\/p>\n<p>JUEVES 07 &#8211; AUDE: Presentaci\u00f3n del libro de la Escritora y Periodista argentina Silvia V\u00e1zquez, y conferencia del Escritor Daniel Abelenda sobre Juan Carlos Onetti. Sala Alberto Rusconi, hora 18.00, entrada libre y gratuita.<\/p>\n<p>JUEVES 07 &#8211; GERGU: A confirmar. Sala Alberto Rusconi Hora 20.00 Entrada Libre.<\/p>\n<p>MARTES 12 &#8211; XVIII Festival del Tango Rioplatense \u201cUruguay Fern\u00e1ndez- Nelson Pino\u201d. Grupo Nivel Tango Ac\u00fastico del Mtro.Oscar Brun, Canto de \u00c1. Banega, Parejas de Baile. Sala L. Cortinas, hora 19.30. Direcci\u00f3n General Miguel Gadea Sandler, Dtor. de Perfiles del Tango.<\/p>\n<p>JUEVES 14 &#8211; AUDE: Presentaci\u00f3n de la Antolog\u00eda Biling\u00fce rumano-uruguaya. Sala Alberto Rusconi H 18.00. Entrada libre y gratuita.<\/p>\n<p>JUEVES 14 &#8211; GERGU: Inscripci\u00f3n para la fiesta del 50 Aniversario, A. Rusconi, hora 20.00.<\/p>\n<p>VIERNES 15 &#8211; Mosaico Literario: \u201cEntre Versos y Plumas\u201d 100 a\u00f1os de M. Gularte. Presentaci\u00f3n del libro \u201cLegados\u201d de Mujeres Poetas Emergentes. Direcci\u00f3n General Marina Yaniero. Sala Laura Cortinas hora 18.30, entrada libre y gratuita.<\/p>\n<p>MARTES 19 &#8211; Inauguraci\u00f3n de la Exposici\u00f3n del Taller de Nen\u00e9 Bagnato, hasta el 29 de noviembre. Galer\u00eda del Ateneo, hora 19.00, entrada libre y gratuita.<\/p>\n<p>MI\u00c9RCOLES 20 &#8211; Movimiento Cultural Cezarina:\u201dUn Encuentro con Juana de Ibarbourou\u201d 100 a\u00f1os de sus Lenguas de Diamante. Sala Alberto Rusconi, hora 18.00, entrada libre.<\/p>\n<p>JUEVES 21 &#8211; GERGU: \u201cRayas y Tiburones que nadan en aguas uruguayas\u201d por Florencia Do\u00f1o Sala Alberto Rusconi, hora 20.00, entrada libre y gratuita..<\/p>\n<p>VIERNES 22 &#8211; ERATO: Presentaci\u00f3n del libro \u201cEl Vibrar de las Esferas\u201d de Zully Garc\u00eda Llagar\u00edas, comentarios de la obra y Momento Musical. Sala Laura Cortinas, hora 19.00.<\/p>\n<p>LUNES 25 &#8211; AEDI: Cierre del Ciclo de Difusi\u00f3n Cultural 2019. Homenaje a Elsa Barone de Barreneche. Ilustraci\u00f3n de Poemas y momento musical. Sala Alberto Rusconi, hora 19.00.<\/p>\n<p>MARTES 26 &#8211; Perfiles del Tango: Acto de Clausura del XVIII Festival del Tango Rioplatense: \u201cUruguay Fern\u00e1ndez-Nelson Pino\u201d. Muestra del Tango uruguayo. Actuaci\u00f3n del mundialmente famoso artista Nelson Pino. Coral de Mi Ciudad de Alicia Magdalena. Parejas de baile. Sala Laura Cortinas, hora 19.30, entrada libre y gratuita. Direcci\u00f3n General Miguel Gadea Sandler, Director de Perfiles del Tango.<\/p>\n<p>JUEVES 28 &#8211; GERGU: Informaci\u00f3n de la salida del fin de semana del 30\/11 y 1\/12. Sala Alberto Rusconi, Hora 20.00, entrada libre y gratuita.<\/p>\n<p>VIERNES 29 &#8211; Espacio Cultural Re-encuentro con la Copla Espa\u00f1ola presenta: \u201cEncuentro de Danzas\u201d. Direcci\u00f3n General Marina Yaniero. Sala Laura Cortinas Hora 18.30, entrada libre.<\/p>\n<p>El ateneo se reserva el derecho de admisi\u00f3n<\/p>\n\n\n<p><\/p>\n","protected":false},"excerpt":{"rendered":"<p>Mes de Noviembre LUNES 04 &#8211; Exposici\u00f3n Colectiva de APEU, finaliza el 15 de noviembre. Galer\u00eda del Ateneo. Entrada libre y gratuita. LUNES 04 &#8211; AEDI: Presentaci\u00f3n del libro \u201cNene Malo\u201d del Escritor Nelson Guerra. Sello Editorial AEDI-Uruguay. Entrada Libre y gratuita. Hora 19.00. Sala A. Rusconi. MI\u00c9RCOLES 06 &#8211; ERATO: La Escritora y Gestora [&hellip;]<\/p>\n","protected":false},"author":1,"featured_media":0,"parent":0,"menu_order":0,"comment_status":"closed","ping_status":"open","template":"","meta":{"footnotes":""},"class_list":["post-2","page","type-page","status-publish","hentry"],"_links":{"self":[{"href":"http:\/\/ateneodemontevideo.uy\/site\/index.php?rest_route=\/wp\/v2\/pages\/2"}],"collection":[{"href":"http:\/\/ateneodemontevideo.uy\/site\/index.php?rest_route=\/wp\/v2\/pages"}],"about":[{"href":"http:\/\/ateneodemontevideo.uy\/site\/index.php?rest_route=\/wp\/v2\/types\/page"}],"author":[{"embeddable":true,"href":"http:\/\/ateneodemontevideo.uy\/site\/index.php?rest_route=\/wp\/v2\/users\/1"}],"replies":[{"embeddable":true,"href":"http:\/\/ateneodemontevideo.uy\/site\/index.php?rest_route=%2Fwp%2Fv2%2Fcomments&post=2"}],"version-history":[{"count":43,"href":"http:\/\/ateneodemontevideo.uy\/site\/index.php?rest_route=\/wp\/v2\/pages\/2\/revisions"}],"predecessor-version":[{"id":376,"href":"http:\/\/ateneodemontevideo.uy\/site\/index.php?rest_route=\/wp\/v2\/pages\/2\/revisions\/376"}],"wp:attachment":[{"href":"http:\/\/ateneodemontevideo.uy\/site\/index.php?rest_route=%2Fwp%2Fv2%2Fmedia&parent=2"}],"curies":[{"name":"wp","href":"https:\/\/api.w.org\/{rel}","templated":true}]}}