{"id":102,"date":"2016-07-01T15:59:14","date_gmt":"2016-07-01T18:59:14","guid":{"rendered":"http:\/\/ateneodemontevideo.uy\/site\/?page_id=102"},"modified":"2024-03-17T22:22:42","modified_gmt":"2024-03-18T01:22:42","slug":"principal","status":"publish","type":"page","link":"http:\/\/ateneodemontevideo.uy\/site\/","title":{"rendered":"Principal"},"content":{"rendered":"\n\t\t<!-- MasterSlider -->\n\t\t<div id=\"P_MS69f28bad91924\" class=\"master-slider-parent msl ms-parent-id-1\" style=\"max-width:800px;\">\n\n\t\t\t\n\t\t\t<!-- MasterSlider Main -->\n\t\t\t<div id=\"MS69f28bad91924\" class=\"master-slider ms-skin-light-3\" >\n\t\t\t\t \t\t\t\t \n\t\t\t\t<div  class=\"ms-slide\" data-delay=\"3\" data-fill-mode=\"fit\"  >\n\t\t\t\t\t<img decoding=\"async\" src=\"http:\/\/ateneodemontevideo.uy\/site\/wp-content\/plugins\/master-slider\/public\/assets\/css\/blank.gif\" alt=\"\" title=\"\" data-src=\"http:\/\/ateneodemontevideo.uy\/site\/wp-content\/uploads\/2016\/06\/Ateneo-Montevideo-1.jpg\" \/>\n\n\n\t<div class=\"ms-thumb\" ><div class=\"ms-tab-context\"><div class=&quot;ms-tab-context&quot;><\/div><\/div>\n<\/div>\n\t\t\t\t<\/div>\n\t\t\t\t<div  class=\"ms-slide\" data-delay=\"3\" data-fill-mode=\"fit\"  >\n\t\t\t\t\t<img decoding=\"async\" src=\"http:\/\/ateneodemontevideo.uy\/site\/wp-content\/plugins\/master-slider\/public\/assets\/css\/blank.gif\" alt=\"\" title=\"\" data-src=\"http:\/\/ateneodemontevideo.uy\/site\/wp-content\/uploads\/2016\/06\/ateneo-1.jpg\" \/>\n\n\n\t<div class=\"ms-thumb\" ><div class=\"ms-tab-context\"><div class=&quot;ms-tab-context&quot;><\/div><\/div>\n<\/div>\n\t\t\t\t<\/div>\n\t\t\t\t<div  class=\"ms-slide\" data-delay=\"3\" data-fill-mode=\"fit\"  >\n\t\t\t\t\t<img decoding=\"async\" src=\"http:\/\/ateneodemontevideo.uy\/site\/wp-content\/plugins\/master-slider\/public\/assets\/css\/blank.gif\" alt=\"\" title=\"\" data-src=\"http:\/\/ateneodemontevideo.uy\/site\/wp-content\/uploads\/2016\/06\/Antigua-1.jpg\" \/>\n\n\n\t<div class=\"ms-thumb\" ><div class=\"ms-tab-context\"><div class=&quot;ms-tab-context&quot;><\/div><\/div>\n<\/div>\n\t\t\t\t<\/div>\n\t\t\t\t<div  class=\"ms-slide\" data-delay=\"3\" data-fill-mode=\"fit\"  >\n\t\t\t\t\t<img decoding=\"async\" src=\"http:\/\/ateneodemontevideo.uy\/site\/wp-content\/plugins\/master-slider\/public\/assets\/css\/blank.gif\" alt=\"\" title=\"\" data-src=\"http:\/\/ateneodemontevideo.uy\/site\/wp-content\/uploads\/2016\/06\/20222846424_58494a331d_o.jpg\" \/>\n\n\n\t<div class=\"ms-thumb\" ><div class=\"ms-tab-context\"><div class=&quot;ms-tab-context&quot;><\/div><\/div>\n<\/div>\n\t\t\t\t<\/div>\n\t\t\t\t<div  class=\"ms-slide\" data-delay=\"3\" data-fill-mode=\"fit\"  >\n\t\t\t\t\t<img decoding=\"async\" src=\"http:\/\/ateneodemontevideo.uy\/site\/wp-content\/plugins\/master-slider\/public\/assets\/css\/blank.gif\" alt=\"\" title=\"\" data-src=\"http:\/\/ateneodemontevideo.uy\/site\/wp-content\/uploads\/2016\/06\/7453965434_90c6750d88_o.jpg\" \/>\n\n\n\t<div class=\"ms-thumb\" ><div class=\"ms-tab-context\"><div class=&quot;ms-tab-context&quot;><\/div><\/div>\n<\/div>\n\t\t\t\t<\/div>\n\t\t\t\t<div  class=\"ms-slide\" data-delay=\"3\" data-fill-mode=\"fit\"  >\n\t\t\t\t\t<img decoding=\"async\" src=\"http:\/\/ateneodemontevideo.uy\/site\/wp-content\/plugins\/master-slider\/public\/assets\/css\/blank.gif\" alt=\"\" title=\"\" data-src=\"http:\/\/ateneodemontevideo.uy\/site\/wp-content\/uploads\/2016\/06\/6823219088_0fd90bff4e_o.jpg\" \/>\n\n\n\t<div class=\"ms-thumb\" ><div class=\"ms-tab-context\"><div class=&quot;ms-tab-context&quot;><\/div><\/div>\n<\/div>\n\t\t\t\t<\/div>\n\t\t\t\t<div  class=\"ms-slide\" data-delay=\"3\" data-fill-mode=\"fit\"  >\n\t\t\t\t\t<img decoding=\"async\" src=\"http:\/\/ateneodemontevideo.uy\/site\/wp-content\/plugins\/master-slider\/public\/assets\/css\/blank.gif\" alt=\"\" title=\"\" data-src=\"http:\/\/ateneodemontevideo.uy\/site\/wp-content\/uploads\/2016\/06\/6340307504_ae4bbae73d_o.jpg\" \/>\n\n\n\t<div class=\"ms-thumb\" ><div class=\"ms-tab-context\"><div class=&quot;ms-tab-context&quot;><\/div><\/div>\n<\/div>\n\t\t\t\t<\/div>\n\t\t\t\t<div  class=\"ms-slide\" data-delay=\"3\" data-fill-mode=\"fill\"  >\n\t\t\t\t\t<img decoding=\"async\" src=\"http:\/\/ateneodemontevideo.uy\/site\/wp-content\/plugins\/master-slider\/public\/assets\/css\/blank.gif\" alt=\"\" title=\"\" data-src=\"http:\/\/ateneodemontevideo.uy\/site\/wp-content\/uploads\/2016\/06\/2928071226_ee4accd2f2_o.jpg\" \/>\n\n\n\t<div class=\"ms-thumb\" ><div class=\"ms-tab-context\"><div class=&quot;ms-tab-context&quot;><\/div><\/div>\n<\/div>\n\t\t\t\t<\/div>\n\t\t\t\t<div  class=\"ms-slide\" data-delay=\"3\" data-fill-mode=\"fit\"  >\n\t\t\t\t\t<img decoding=\"async\" src=\"http:\/\/ateneodemontevideo.uy\/site\/wp-content\/plugins\/master-slider\/public\/assets\/css\/blank.gif\" alt=\"\" title=\"\" data-src=\"http:\/\/ateneodemontevideo.uy\/site\/wp-content\/uploads\/2016\/06\/23274724-1.jpg\" \/>\n\n\n\t<div class=\"ms-thumb\" ><div class=\"ms-tab-context\"><div class=&quot;ms-tab-context&quot;><\/div><\/div>\n<\/div>\n\t\t\t\t<\/div>\n\n\t\t\t<\/div>\n\t\t\t<!-- END MasterSlider Main -->\n\n\t\t\t \n\t\t<\/div>\n\t\t<!-- END MasterSlider -->\n\n\t\t<script>\n\t\t(function ( $ ) {\n\t\t\t\"use strict\";\n\n\t\t\t$(function () {\n\t\t\t\tvar masterslider_1924 = new MasterSlider();\n\n\t\t\t\t\/\/ slider controls\n\t\t\t\tmasterslider_1924.control('arrows'     ,{ autohide:false, overVideo:true  });\t\t\t\tmasterslider_1924.control('bullets'    ,{ autohide:true, overVideo:true, dir:'h', align:'bottom' , margin:10  });\n\n\t\t\t\tmasterslider_1924.control('circletimer',{ autohide:false, overVideo:true, color:'#434343', radius:10, stroke:3   });\n\t\t\t\tmasterslider_1924.control('timebar'    ,{ autohide:false, overVideo:true, align:'bottom', color:'#FFFFFF'  , width:4 });\n\t\t\t\t\/\/ slider setup\n\t\t\t\tmasterslider_1924.setup(\"MS69f28bad91924\", {\n\t\t\t\t\t\twidth           : 800,\n\t\t\t\t\t\theight          : 480,\n\t\t\t\t\t\tminHeight       : 0,\n\t\t\t\t\t\tspace           : 0,\n\t\t\t\t\t\tstart           : 1,\n\t\t\t\t\t\tgrabCursor      : true,\n\t\t\t\t\t\tswipe           : true,\n\t\t\t\t\t\tmouse           : true,\n\t\t\t\t\t\tlayout          : \"boxed\",\n\t\t\t\t\t\twheel           : false,\n\t\t\t\t\t\tautoplay        : true,\n\t\t\t\t\t\tinstantStartLayers:false,\n\t\t\t\t\t\tloop            : true,\n\t\t\t\t\t\tshuffle         : false,\n\t\t\t\t\t\tpreload         : 0,\n\t\t\t\t\t\theightLimit     : true,\n\t\t\t\t\t\tautoHeight      : false,\n\t\t\t\t\t\tsmoothHeight    : true,\n\t\t\t\t\t\tendPause        : false,\n\t\t\t\t\t\toverPause       : true,\n\t\t\t\t\t\tfillMode        : \"fill\",\n\t\t\t\t\t\tcenterControls  : true,\n\t\t\t\t\t\tstartOnAppear   : false,\n\t\t\t\t\t\tlayersMode      : \"center\",\n\t\t\t\t\t\thideLayers      : false,\n\t\t\t\t\t\tfullscreenMargin: 0,\n\t\t\t\t\t\tspeed           : 40,\n\t\t\t\t\t\tdir             : \"h\",\n\t\t\t\t\t\tparallaxMode    : 'swipe',\n\t\t\t\t\t\tview            : \"basic\"\n\t\t\t\t});\n\n\t\t\t\t\n\t\t\t\twindow.masterslider_instances = window.masterslider_instances || [];\n\t\t\t\twindow.masterslider_instances.push( masterslider_1924 );\n\t\t\t });\n\n\t\t})(jQuery);\n\t\t<\/script>\n\n\n<h1>\u00a0<\/h1>\n<h1><img loading=\"lazy\" decoding=\"async\" class=\"alignnone  wp-image-428\" src=\"http:\/\/ateneodemontevideo.uy\/site\/wp-content\/uploads\/2024\/03\/Ateneo-Asamblea-General-Ordinaria-2024-1024x823.jpg\" alt=\"\" width=\"844\" height=\"678\" srcset=\"http:\/\/ateneodemontevideo.uy\/site\/wp-content\/uploads\/2024\/03\/Ateneo-Asamblea-General-Ordinaria-2024-1024x823.jpg 1024w, http:\/\/ateneodemontevideo.uy\/site\/wp-content\/uploads\/2024\/03\/Ateneo-Asamblea-General-Ordinaria-2024-300x241.jpg 300w, http:\/\/ateneodemontevideo.uy\/site\/wp-content\/uploads\/2024\/03\/Ateneo-Asamblea-General-Ordinaria-2024-768x617.jpg 768w, http:\/\/ateneodemontevideo.uy\/site\/wp-content\/uploads\/2024\/03\/Ateneo-Asamblea-General-Ordinaria-2024-274x220.jpg 274w, http:\/\/ateneodemontevideo.uy\/site\/wp-content\/uploads\/2024\/03\/Ateneo-Asamblea-General-Ordinaria-2024.jpg 1196w\" sizes=\"(max-width: 844px) 100vw, 844px\" \/><\/h1>\n<h1 class=\"m_-4984074661757103447m_5397927144213332622m_-8889114298542900876m_1679819650716753740gmail-western\" style=\"text-align: center;\"><span style=\"color: #666666;\"><span style=\"font-family: Droid Serif, Georgia, serif;\">Historia<\/span><\/span><\/h1>\n<p><span style=\"font-family: inherit;\"><span style=\"font-size: medium;\"><span style=\"color: #404040;\">El At<\/span><span style=\"color: #404040;\"><span style=\"color: #404040;\">eneo de M<\/span><span style=\"color: #404040;\">ontevideo se funda el 5 de setiembre de 1868 como resultado de la fusi\u00f3n del A<\/span><span style=\"color: #404040;\">teneo del U<\/span><span style=\"color: #404040;\">ruguay y la S<\/span><span style=\"color: #404040;\">ociedad U<\/span><span style=\"color: #404040;\">niversitaria. Estamos cumpliendo <\/span><\/span><span style=\"color: #404040;\"><span style=\"color: #404040;\">150 a\u00f1os de labor en pro de la cultura y la educaci\u00f3n.<\/span><\/span><\/span><\/span><\/p>\n<p><span style=\"font-family: inherit;\"><span style=\"font-size: medium;\"><span style=\"color: #404040;\">En su estatuto, que data de 1936, firmado por Eduardo Acevedo, establece como fines fundamentales: \u201dservir en un ambiente de absoluta libertad de esp\u00edritu el desarrollo de la cultura, favoreciendo su difusi\u00f3n mediante la libre discusi\u00f3n de todos los principios y tendencias, contribuyendo a la defensa de sus postulados, poniendo todos los medios leg\u00edtimos a su alcance al servicio de las causas de la verdad y la justicia\u00bb.<\/span><\/span><\/span><\/p>\n<p><span style=\"font-family: inherit;\"><span style=\"font-size: medium;\"><span style=\"color: #404040;\">En su extensa trayectoria ha cumplido con diversos roles dentro de nuestra sociedad, fundamentalmente el que se\u00f1alaba Prudencio V\u00e1zquez y Vega<span style=\"color: #ff0000;\">:<\/span> \u201clos centros culturales y literarios de un pueblo son los focos de donde emanan los principios que deben gobernarlos basados en tres grandes ideas: libertad, civilizaci\u00f3n y progreso\u201d<\/span><\/span><\/span><\/p>\n<p>El Ateneo de Montevideo se funda el 5 de setiembre de 1868 como resultado de la fusi\u00f3n del Ateneo del Uruguay y la Sociedad Universitaria. Estamos cumpliendo 150 a\u00f1os de labor en pro de la cultura y la educaci\u00f3n.<\/p>\n<p>En su estatuto, que data de 1936, firmado por Eduardo Acevedo, establece como fines fundamentales: \u201dservir en un ambiente de absoluta libertad de esp\u00edritu el desarrollo de la cultura, favoreciendo su difusi\u00f3n mediante la libre discusi\u00f3n de todos los principios y tendencias, contribuyendo a la defensa de sus postulados, poniendo todos los medios leg\u00edtimos a su alcance al servicio de las causas de la verdad y la justicia\u00bb.<\/p>\n<p>En su extensa trayectoria ha cumplido con diversos roles dentro de nuestra sociedad, fundamentalmente el que se\u00f1alaba Prudencio V\u00e1zquez y Vega: \u201clos centros culturales y literarios de un pueblo son los focos de donde emanan los principios que deben gobernarlos basados en tres grandes ideas: libertad, civilizaci\u00f3n y progreso\u201d<\/p>\n<p>El Ateneo de Montevideo cumpli\u00f3 con su rol cultural y educativo como universidad libre con sus cursos de estudios preparatorios, y una facultad de Derecho, libre del sistema oficial del estado, libre de los cambios pol\u00edticos y del dogmatismo religioso que imperaba en nuestra sociedad de fin de siglo XIX.<\/p>\n<p>En materia educativa, conjuntamente con la sociedad de amigos de la educaci\u00f3n popular propici\u00f3 la reforma educativa escolar, destac\u00e1ndose la figura de Jos\u00e9 Pedro Varela, uno de los fundadores del Ateneo de Montevideo.<\/p>\n<p>Durante las presidencias de Pedro Figari y Carlos Vaz Ferreira se proyect\u00f3 tambi\u00e9n en otras \u00e1reas educativas. El Ateneo de Montevideo reuni\u00f3 a lo largo del tiempo las mentes m\u00e1s brillantes de cada \u00e9poca: a los ya nombrados podemos agregar a Jos\u00e9 Batlle y Ord\u00f3\u00f1ez, Joaqu\u00edn Torres Garc\u00eda, Jos\u00e9 Enrique Rod\u00f3, Emilio Frugoni, El\u00edas Regules, entre tantos otros. Y mujeres como las hermanas Paulina y Luisa Luisi, que fueron precursoras de la liberaci\u00f3n femenina.<\/p>\n<p>La actual junta directiva tiene como desaf\u00edo fundamental el mantener el legado material y espiritual que dejaron nuestros antecesores, y desarrollarlo y proyectarlo para que sea una plataforma cultural de toda la sociedad.<\/p>\n<p>Plaza de Cagancha 1157 | TEL: 2908 08 35 y 2900 09 87 | E-mail: ateneo@ateneodemontevideo.uy | Atenci\u00f3n al publico de 14:00hs a 21:00hs.<\/p>\n\n\n<p><\/p>\n","protected":false},"excerpt":{"rendered":"<p>\u00a0 Historia El Ateneo de Montevideo se funda el 5 de setiembre de 1868 como resultado de la fusi\u00f3n del Ateneo del Uruguay y la Sociedad Universitaria. Estamos cumpliendo 150 a\u00f1os de labor en pro de la cultura y la educaci\u00f3n. En su estatuto, que data de 1936, firmado por Eduardo Acevedo, establece como fines [&hellip;]<\/p>\n","protected":false},"author":5,"featured_media":0,"parent":0,"menu_order":0,"comment_status":"closed","ping_status":"closed","template":"","meta":{"footnotes":""},"class_list":["post-102","page","type-page","status-publish","hentry"],"_links":{"self":[{"href":"http:\/\/ateneodemontevideo.uy\/site\/index.php?rest_route=\/wp\/v2\/pages\/102"}],"collection":[{"href":"http:\/\/ateneodemontevideo.uy\/site\/index.php?rest_route=\/wp\/v2\/pages"}],"about":[{"href":"http:\/\/ateneodemontevideo.uy\/site\/index.php?rest_route=\/wp\/v2\/types\/page"}],"author":[{"embeddable":true,"href":"http:\/\/ateneodemontevideo.uy\/site\/index.php?rest_route=\/wp\/v2\/users\/5"}],"replies":[{"embeddable":true,"href":"http:\/\/ateneodemontevideo.uy\/site\/index.php?rest_route=%2Fwp%2Fv2%2Fcomments&post=102"}],"version-history":[{"count":11,"href":"http:\/\/ateneodemontevideo.uy\/site\/index.php?rest_route=\/wp\/v2\/pages\/102\/revisions"}],"predecessor-version":[{"id":429,"href":"http:\/\/ateneodemontevideo.uy\/site\/index.php?rest_route=\/wp\/v2\/pages\/102\/revisions\/429"}],"wp:attachment":[{"href":"http:\/\/ateneodemontevideo.uy\/site\/index.php?rest_route=%2Fwp%2Fv2%2Fmedia&parent=102"}],"curies":[{"name":"wp","href":"https:\/\/api.w.org\/{rel}","templated":true}]}}